{"id":382,"date":"2015-09-17T02:29:22","date_gmt":"2015-09-17T00:29:22","guid":{"rendered":"http:\/\/zurbriggen.netzhautflimmern.ch\/?page_id=382"},"modified":"2024-06-09T17:39:58","modified_gmt":"2024-06-09T15:39:58","slug":"fruehstueck","status":"publish","type":"page","link":"https:\/\/zurbriggen.ch\/zermatt\/it\/fruehstueck\/","title":{"rendered":"Colazione"},"content":{"rendered":"<div id='fullscreen_slider_1'  class='avia-fullscreen-slider main_color   avia-builder-el-0  el_before_av_section  avia-builder-el-first   container_wrap sidebar_right' style=' '  ><div   data-size='extra_large'  data-lightbox_size='large'  data-animation='slide'  data-conditional_play=''  data-ids='3105,3534,3525'  data-video_counter='0'  data-autoplay='false'  data-bg_slider='true'  data-slide_height='100'  data-handle='av_fullscreen'  data-interval='5'  data-class=' '  data-el_id=''  data-css_id='fullscreen_slider_1'  data-scroll_down=''  data-control_layout='av-control-default'  data-custom_markup=''  data-perma_caption=''  data-autoplay_stopper=''  data-image_attachment=''  data-min_height='0px'  data-lazy_loading='disabled'  data-stretch=''  data-default-height='100'  class='avia-slideshow avia-slideshow-1  av-control-default av-default-height-applied avia-slideshow-extra_large av_fullscreen   avia-slide-slider'  itemprop=\"image\" itemscope=\"itemscope\" itemtype=\"https:\/\/schema.org\/ImageObject\" ><ul class='avia-slideshow-inner' style='padding-bottom: 66.666666666667%;' ><li style='background-position:center center;' data-img-url='https:\/\/zurbriggen.ch\/zermatt\/wp-content\/uploads\/2021\/07\/IMG_2501-1500x1000.jpg' class='slide-1' ><div data-rel='slideshow-1' class='avia-slide-wrap'   ><\/div><\/li><li style='background-position:center center;' data-img-url='https:\/\/zurbriggen.ch\/zermatt\/wp-content\/uploads\/2023\/11\/IMG_5175-1500x1000.jpg' class='slide-2' ><div data-rel='slideshow-1' class='avia-slide-wrap'   ><\/div><\/li><li style='background-position:center center;' data-img-url='https:\/\/zurbriggen.ch\/zermatt\/wp-content\/uploads\/2023\/11\/Frhstck-2-1500x945.jpg' class='slide-3' ><div data-rel='slideshow-1' class='avia-slide-wrap'   ><\/div><\/li><\/ul><div class='avia-slideshow-arrows avia-slideshow-controls'><a href='#prev' class='prev-slide' aria-hidden='true' data-av_icon='\ue87c' data-av_iconfont='entypo-fontello' tabindex=\"-1\">Precedente<\/a><a href='#next' class='next-slide' aria-hidden='true' data-av_icon='\ue87d' data-av_iconfont='entypo-fontello' tabindex=\"-1\">Succ<\/a><\/div><div class='avia-slideshow-dots avia-slideshow-controls'><a href='#1' class='goto-slide active' >1<\/a><a href='#2' class='goto-slide' >2<\/a><a href='#3' class='goto-slide' >3<\/a><\/div><\/div><\/div>\n<div id='av_section_1'  class='avia-section main_color avia-section-large avia-no-shadow  avia-bg-style-scroll  avia-builder-el-1  el_after_av_fullscreen  el_before_av_section   container_wrap sidebar_right' style=' '  ><div class='container' ><div class='template-page content  av-content-small alpha units'><div class='post-entry post-entry-type-page post-entry-382'><div class='entry-content-wrapper clearfix'>\n<div  style='padding-bottom:20px; ' class='av-special-heading av-special-heading-h1  blockquote modern-quote modern-centered  avia-builder-el-2  el_before_av_one_full  avia-builder-el-first'><h1 class='av-special-heading-tag'  itemprop=\"headline\"  >Colazione<\/h1><div class='special-heading-border'><div class='special-heading-inner-border' ><\/div><\/div><\/div>\n<div class=\"flex_column av_one_full  flex_column_div av-zero-column-padding first  avia-builder-el-3  el_after_av_heading  avia-builder-el-last\" style='border-radius:0px; '><section class=\"av_textblock_section\"  itemscope=\"itemscope\" itemtype=\"https:\/\/schema.org\/CreativeWork\" ><div class='avia_textblock'   itemprop=\"text\" ><p style=\"text-align: center;\">Erleben Sie das Fr\u00fchst\u00fcck auf Ihre ganz pers\u00f6nliche Weise.<\/p>\n<p style=\"text-align: center;\">Sie stellen sich Ihr ganz individuelles Fr\u00fchst\u00fcck aus unseren lokalen, frischen Spezialit\u00e4ten zusammen und wir servieren es zu der gew\u00fcnschten Zeit in Ihrer Suite.<\/p>\n<p style=\"text-align: center;\">Kein anstehen am Buffet, kein hektisches zurechtmachen. Mit Blick auf das Matterhorn starten Sie entspannt und gen\u00fcsslich in Ihren Urlaubstag.<\/p>\n<\/div><\/section><\/div>\n\n<\/div><\/div><\/div><!-- close content main div --><\/div><\/div><div id='rot'  class='avia-section main_color avia-section-default avia-no-shadow  avia-bg-style-scroll  avia-builder-el-5  el_after_av_section  avia-builder-el-last   container_wrap sidebar_right' style=' '  ><div class='container' ><div class='template-page content  av-content-small alpha units'><div class='post-entry post-entry-type-page post-entry-382'><div class='entry-content-wrapper clearfix'>\n<div class=\"flex_column av_one_third  flex_column_div av-zero-column-padding first  avia-builder-el-6  el_before_av_one_third  avia-builder-el-first\" style='border-radius:0px; '><section class=\"av_textblock_section\"  itemscope=\"itemscope\" itemtype=\"https:\/\/schema.org\/CreativeWork\" ><div class='avia_textblock  av_inherit_color'  style='color:#ffffff; '  itemprop=\"text\" ><h2 style=\"text-align: center;\">Hauswurst<\/h2>\n<p style=\"text-align: center;\">Seit Generationen wird auf Findeln die Hauswurst der Familie Julen in liebevoller Handarbeit selbst hergestellt. Geniessen auch Sie ein St\u00fcck dieser k\u00f6stlichen Tradition.<\/p>\n<\/div><\/section><br \/>\n<div  class='avia-image-container  av-styling-    avia-builder-el-8  el_after_av_textblock  avia-builder-el-last  avia-align-center'  itemprop=\"image\" itemscope=\"itemscope\" itemtype=\"https:\/\/schema.org\/ImageObject\"  ><div class='avia-image-container-inner'><div class='avia-image-overlay-wrap'><img decoding=\"async\" class='wp-image-641 avia-img-lazy-loading-not-641 avia_image' src=\"https:\/\/zurbriggen.ch\/zermatt\/wp-content\/uploads\/2015\/09\/wurst-1030x687.jpg\" alt='' title='wurst' height=\"687\" width=\"1030\"  itemprop=\"thumbnailUrl\" srcset=\"https:\/\/zurbriggen.ch\/zermatt\/wp-content\/uploads\/2015\/09\/wurst-1030x687.jpg 1030w, https:\/\/zurbriggen.ch\/zermatt\/wp-content\/uploads\/2015\/09\/wurst-300x200.jpg 300w, https:\/\/zurbriggen.ch\/zermatt\/wp-content\/uploads\/2015\/09\/wurst-1500x1000.jpg 1500w, https:\/\/zurbriggen.ch\/zermatt\/wp-content\/uploads\/2015\/09\/wurst-705x470.jpg 705w, https:\/\/zurbriggen.ch\/zermatt\/wp-content\/uploads\/2015\/09\/wurst-450x300.jpg 450w\" sizes=\"(max-width: 1030px) 100vw, 1030px\" \/><\/div><\/div><\/div><\/p><\/div><div class=\"flex_column av_one_third  flex_column_div av-zero-column-padding   avia-builder-el-9  el_after_av_one_third  el_before_av_one_third\" style='border-radius:0px; '><section class=\"av_textblock_section\"  itemscope=\"itemscope\" itemtype=\"https:\/\/schema.org\/CreativeWork\" ><div class='avia_textblock  av_inherit_color'  style='color:#ffffff; '  itemprop=\"text\" ><h2 style=\"text-align: center;\">Horu-K\u00e4serei<\/h2>\n<p style=\"text-align: center;\">Der Walliser-K\u00e4se und im Winter der Joghurt der einheimischen Horu-K\u00e4serei bieten Ihnen reinen, unverf\u00e4lschten Zermatter Genuss.<\/p>\n<\/div><\/section><br \/>\n<div  class='avia-image-container  av-styling-    avia-builder-el-11  el_after_av_textblock  avia-builder-el-last  avia-align-center'  itemprop=\"image\" itemscope=\"itemscope\" itemtype=\"https:\/\/schema.org\/ImageObject\"  ><div class='avia-image-container-inner'><div class='avia-image-overlay-wrap'><img decoding=\"async\" class='wp-image-1839 avia-img-lazy-loading-not-1839 avia_image' src=\"https:\/\/zurbriggen.ch\/zermatt\/wp-content\/uploads\/2020\/04\/Download-300x150.jpg\" alt='' title='Download' height=\"150\" width=\"300\"  itemprop=\"thumbnailUrl\" srcset=\"https:\/\/zurbriggen.ch\/zermatt\/wp-content\/uploads\/2020\/04\/Download-300x150.jpg 300w, https:\/\/zurbriggen.ch\/zermatt\/wp-content\/uploads\/2020\/04\/Download.jpg 318w\" sizes=\"(max-width: 300px) 100vw, 300px\" \/><\/div><\/div><\/div><\/p><\/div><div class=\"flex_column av_one_third  flex_column_div av-zero-column-padding   avia-builder-el-12  el_after_av_one_third  avia-builder-el-last\" style='border-radius:0px; '><section class=\"av_textblock_section\"  itemscope=\"itemscope\" itemtype=\"https:\/\/schema.org\/CreativeWork\" ><div class='avia_textblock  av_inherit_color'  style='color:#ffffff; '  itemprop=\"text\" ><h2 style=\"text-align: center;\">Bircher-M\u00fcsli<\/h2>\n<p style=\"text-align: center;\">Bio-M\u00fcsli, frische Fr\u00fcchte und Milch sind die Zutaten aus denen wir mit viel Liebe ein hausgemachtes Bircher-M\u00fcsli bereiten, dass Ihnen Energie f\u00fcr einen ausgiebigen Wander- oder Skitag liefert.<\/p>\n<\/div><\/section><br \/>\n<div  class='avia-image-container  av-styling-    avia-builder-el-14  el_after_av_textblock  avia-builder-el-last  avia-align-center'  itemprop=\"image\" itemscope=\"itemscope\" itemtype=\"https:\/\/schema.org\/ImageObject\"  ><div class='avia-image-container-inner'><div class='avia-image-overlay-wrap'><img decoding=\"async\" class='wp-image-1863 avia-img-lazy-loading-not-1863 avia_image' src=\"https:\/\/zurbriggen.ch\/zermatt\/wp-content\/uploads\/2020\/05\/LM200806_89_Birchermuesli-2560x1707-1-300x200.jpg\" alt='' title='LM200806_89_Birchermuesli-2560x1707' height=\"200\" width=\"300\"  itemprop=\"thumbnailUrl\" srcset=\"https:\/\/zurbriggen.ch\/zermatt\/wp-content\/uploads\/2020\/05\/LM200806_89_Birchermuesli-2560x1707-1-300x200.jpg 300w, https:\/\/zurbriggen.ch\/zermatt\/wp-content\/uploads\/2020\/05\/LM200806_89_Birchermuesli-2560x1707-1-1030x687.jpg 1030w, https:\/\/zurbriggen.ch\/zermatt\/wp-content\/uploads\/2020\/05\/LM200806_89_Birchermuesli-2560x1707-1-768x512.jpg 768w, https:\/\/zurbriggen.ch\/zermatt\/wp-content\/uploads\/2020\/05\/LM200806_89_Birchermuesli-2560x1707-1-1536x1024.jpg 1536w, https:\/\/zurbriggen.ch\/zermatt\/wp-content\/uploads\/2020\/05\/LM200806_89_Birchermuesli-2560x1707-1-2048x1366.jpg 2048w, https:\/\/zurbriggen.ch\/zermatt\/wp-content\/uploads\/2020\/05\/LM200806_89_Birchermuesli-2560x1707-1-1500x1000.jpg 1500w, https:\/\/zurbriggen.ch\/zermatt\/wp-content\/uploads\/2020\/05\/LM200806_89_Birchermuesli-2560x1707-1-705x470.jpg 705w, https:\/\/zurbriggen.ch\/zermatt\/wp-content\/uploads\/2020\/05\/LM200806_89_Birchermuesli-2560x1707-1-450x300.jpg 450w\" sizes=\"(max-width: 300px) 100vw, 300px\" \/><\/div><\/div><\/div><\/p><\/div>\n<\/div><\/div><\/div><!-- close content main div --><\/div><\/div><div id='after_section_2'  class='main_color av_default_container_wrap container_wrap sidebar_right' style=' '  ><div class='container' ><div class='template-page content  av-content-small alpha units'><div class='post-entry post-entry-type-page post-entry-382'><div class='entry-content-wrapper clearfix'>","protected":false},"excerpt":{"rendered":"","protected":false},"author":1,"featured_media":0,"parent":0,"menu_order":0,"comment_status":"closed","ping_status":"closed","template":"","meta":{"footnotes":""},"class_list":["post-382","page","type-page","status-publish","hentry"],"_links":{"self":[{"href":"https:\/\/zurbriggen.ch\/zermatt\/it\/wp-json\/wp\/v2\/pages\/382","targetHints":{"allow":["GET"]}}],"collection":[{"href":"https:\/\/zurbriggen.ch\/zermatt\/it\/wp-json\/wp\/v2\/pages"}],"about":[{"href":"https:\/\/zurbriggen.ch\/zermatt\/it\/wp-json\/wp\/v2\/types\/page"}],"author":[{"embeddable":true,"href":"https:\/\/zurbriggen.ch\/zermatt\/it\/wp-json\/wp\/v2\/users\/1"}],"replies":[{"embeddable":true,"href":"https:\/\/zurbriggen.ch\/zermatt\/it\/wp-json\/wp\/v2\/comments?post=382"}],"version-history":[{"count":43,"href":"https:\/\/zurbriggen.ch\/zermatt\/it\/wp-json\/wp\/v2\/pages\/382\/revisions"}],"predecessor-version":[{"id":3662,"href":"https:\/\/zurbriggen.ch\/zermatt\/it\/wp-json\/wp\/v2\/pages\/382\/revisions\/3662"}],"wp:attachment":[{"href":"https:\/\/zurbriggen.ch\/zermatt\/it\/wp-json\/wp\/v2\/media?parent=382"}],"curies":[{"name":"wp","href":"https:\/\/api.w.org\/{rel}","templated":true}]}}