{"id":51,"date":"2015-09-14T15:14:30","date_gmt":"2015-09-14T13:14:30","guid":{"rendered":"http:\/\/zurbriggen.netzhautflimmern.ch\/?page_id=51"},"modified":"2025-12-15T17:35:37","modified_gmt":"2025-12-15T16:35:37","slug":"home-3-2","status":"publish","type":"page","link":"https:\/\/zurbriggen.ch\/zermatt\/fr\/","title":{"rendered":"Home"},"content":{"rendered":"<div id='fullscreen_slider_1'  class='avia-fullscreen-slider main_color   avia-builder-el-0  el_before_av_section  avia-builder-el-first   container_wrap sidebar_right' style=' '  ><div   data-size='extra_large'  data-lightbox_size='large'  data-animation='slide'  data-conditional_play=''  data-ids='2449'  data-video_counter='0'  data-autoplay='false'  data-bg_slider='true'  data-slide_height='100'  data-handle='av_fullscreen'  data-interval='5'  data-class=' '  data-el_id=''  data-css_id='fullscreen_slider_1'  data-scroll_down=''  data-control_layout='av-control-default'  data-custom_markup=''  data-perma_caption=''  data-autoplay_stopper=''  data-image_attachment=''  data-min_height='0px'  data-lazy_loading='disabled'  data-stretch=''  data-default-height='100'  class='avia-slideshow avia-slideshow-1  av-control-default av-default-height-applied avia-slideshow-extra_large av_fullscreen   avia-slide-slider'  itemprop=\"image\" itemscope=\"itemscope\" itemtype=\"https:\/\/schema.org\/ImageObject\" ><ul class='avia-slideshow-inner' style='padding-bottom: 66.666666666667%;' ><li style='background-position:center center;' data-img-url='https:\/\/zurbriggen.ch\/zermatt\/wp-content\/uploads\/2021\/06\/IMG_2202-HDR-1500x1000.jpg' class='av-single-slide slide-1' ><div data-rel='slideshow-1' class='avia-slide-wrap'   ><\/div><\/li><\/ul><\/div><\/div>\n<div id='av_section_1'  class='avia-section main_color avia-section-large avia-no-border-styling  avia-bg-style-scroll  avia-builder-el-1  el_after_av_fullscreen  el_before_av_section   container_wrap sidebar_right' style=' '  ><div class='container' ><div class='template-page content  av-content-small alpha units'><div class='post-entry post-entry-type-page post-entry-51'><div class='entry-content-wrapper clearfix'>\n<div  style='padding-bottom:20px; ' class='av-special-heading av-special-heading-h1  blockquote modern-quote modern-centered  avia-builder-el-2  el_before_av_one_full  avia-builder-el-first'><h1 class='av-special-heading-tag'  itemprop=\"headline\"  >Bienvenue \u00e0 la maison<\/h1><div class='special-heading-border'><div class='special-heading-inner-border' ><\/div><\/div><\/div>\n<div class=\"flex_column av_one_full  flex_column_div av-zero-column-padding first  avia-builder-el-3  el_after_av_heading  avia-builder-el-last\" style='border-radius:0px; '><section class=\"av_textblock_section\"  itemscope=\"itemscope\" itemtype=\"https:\/\/schema.org\/CreativeWork\" ><div class='avia_textblock  av_inherit_color'   itemprop=\"text\" ><p style=\"text-align: center;\">Nous sommes ouverts !<\/p>\n<p style=\"text-align: center;\">Nous vous invitons \u00e0 exp\u00e9rimenter le calme et l\u2019atmosph\u00e8re unique de nos suites luxueuses et \u00e0 vous ressourcer au c\u0153ur de notre espace bien-\u00eatre.<\/p>\n<p style=\"text-align: center;\">Face au Cervin sans que rien ne puisse alt\u00e9rer sa vue ; conjuguant le bois de m\u00e9l\u00e8ze de nos for\u00eats \u00e0 de grandes baies vitr\u00e9es, nous faisons entrer la Nature qui nous entoure jusque dans votre chambre.<\/p>\n<p style=\"text-align: center;\">Respirez l\u2019air pur de nos montagnes, faites le plein d\u2019oxyg\u00e8ne, d\u00e9tendez-vous et rechargez vos batteries. Ici, oubliez le quotidien, le stress et l\u2019effervescence. Le temps de votre s\u00e9jour, notre maison devient la v\u00f4tre, dans un esprit familial et chaleureux.<\/p>\n<p style=\"text-align: center;\">\n<p style=\"text-align: center;\"><strong>Votre famille Zurbriggen<\/strong><\/p>\n<\/div><\/section><\/div>\n\n<\/div><\/div><\/div><!-- close content main div --><\/div><\/div><div id='av_section_2'  class='avia-section main_color avia-section-small avia-no-border-styling  avia-full-stretch avia-bg-style-scroll  avia-builder-el-5  el_after_av_section  el_before_av_section   container_wrap sidebar_right' style='background-repeat: no-repeat; background-image: url(https:\/\/zurbriggen.ch\/zermatt\/wp-content\/uploads\/2015\/09\/holz.jpg);background-attachment: scroll; background-position: top left;  '  data-section-bg-repeat='stretch'><div class='container' ><div class='template-page content  av-content-small alpha units'><div class='post-entry post-entry-type-page post-entry-51'><div class='entry-content-wrapper clearfix'>\n<section class=\"av_textblock_section\"  itemscope=\"itemscope\" itemtype=\"https:\/\/schema.org\/CreativeWork\" ><div class='avia_textblock'   itemprop=\"text\" ><p><iframe loading=\"lazy\" src=\"https:\/\/zurbriggen.ch\/zermatt\/wp-content\/zurbriggen_zermatt_nmm\/\/index.html?nav_id=4150-50606&#038;hideNav=60005%2C60006%2C60007\" width=\"100%\" height=\"600px\"><\/iframe><\/p>\n<\/div><\/section>\n\n<\/div><\/div><\/div><!-- close content main div --><\/div><\/div><div id='rot'  class='avia-section main_color avia-section-default avia-no-shadow  avia-bg-style-scroll  avia-builder-el-7  el_after_av_section  el_before_av_section   container_wrap sidebar_right' style=' '  ><div class='container' ><div class='template-page content  av-content-small alpha units'><div class='post-entry post-entry-type-page post-entry-51'><div class='entry-content-wrapper clearfix'>\n<section class=\"av_textblock_section\"  itemscope=\"itemscope\" itemtype=\"https:\/\/schema.org\/CreativeWork\" ><div class='avia_textblock  av_inherit_color'  style='color:#ffffff; '  itemprop=\"text\" ><h3 style=\"text-align: center;\">AP\u00c9RITIF<\/h3>\n<p style=\"text-align: center;\">Afin d\u2019apprendre \u00e0 mieux conna\u00eetre nos h\u00f4tes, un ap\u00e9ritif a lieu toutes les semaines avec Moni et Pirmin Zurbriggen. Dans une ambiance conviviale, boissons et amuse-bouches vous seront servis. Profitez d\u2019un moment de partage avec nos h\u00f4tes, l\u2019occasion de voyager \u00e0 travers le monde au fil des anecdotes de chacun<\/p>\n<\/div><\/section>\n\n<\/div><\/div><\/div><!-- close content main div --><\/div><\/div><div id='av_section_4'  class='avia-section main_color avia-section-default avia-no-shadow  avia-bg-style-scroll  avia-builder-el-9  el_after_av_section  avia-builder-el-last   container_wrap sidebar_right' style=' '  ><div class='container' ><div class='template-page content  av-content-small alpha units'><div class='post-entry post-entry-type-page post-entry-51'><div class='entry-content-wrapper clearfix'>\n<div class=\"flex_column av_one_third  flex_column_div av-zero-column-padding first  avia-builder-el-10  el_before_av_two_third  avia-builder-el-first\" style='border-radius:0px; '><div  class='avia-image-container  av-styling-    avia-builder-el-11  avia-builder-el-no-sibling  avia-align-center'  itemprop=\"image\" itemscope=\"itemscope\" itemtype=\"https:\/\/schema.org\/ImageObject\"  ><div class='avia-image-container-inner'><div class='avia-image-overlay-wrap'><img decoding=\"async\" class='wp-image-3808 avia-img-lazy-loading-not-3808 avia_image' src=\"https:\/\/zurbriggen.ch\/zermatt\/wp-content\/uploads\/2025\/07\/goldangebot-300x287.jpg\" alt='' title='Golfangebot' height=\"287\" width=\"300\"  itemprop=\"thumbnailUrl\" srcset=\"\" sizes=\"(max-width: 300px) 100vw, 300px\" data-srcset=\"\" \/><\/div><\/div><\/div><\/div><div class=\"flex_column av_two_third  flex_column_div av-zero-column-padding   avia-builder-el-12  el_after_av_one_third  avia-builder-el-last\" style='border-radius:0px; '><section class=\"av_textblock_section\"  itemscope=\"itemscope\" itemtype=\"https:\/\/schema.org\/CreativeWork\" ><div class='avia_textblock  av_inherit_color'  style='color:#000000; '  itemprop=\"text\" ><h3 style=\"text-align: left;\">Golf-Offre<\/h3>\n<p style=\"text-align: left;\">Nous sommes fiers d'\u00eatre un h\u00f4tel partenaire dans le <a href=\"https:\/\/golfclubmatterhorn.ch\/\" target=\"_blank\" rel=\"noopener\">Matterhorn Golfclub Zermatt<\/a> et nos clients en profitent.<\/p>\n<p style=\"text-align: left;\">Profitez gratuitement et sans limite pendant toute la saison estivale du parcours pittoresque situ\u00e9 entre T\u00e4sch et Randa.<\/p>\n<p style=\"text-align: left;\">Nouveau cuisinier pour vous <a href=\"https:\/\/www.paradisezermatt.ch\/fr\/\" target=\"_blank\" rel=\"noopener\">@Paradise<\/a> Non seulement \u00e0 Findeln, mais aussi au club de golf<\/p>\n<\/div><\/section><\/div>\n<\/div><\/div><\/div><!-- close content main div --><\/div><\/div><div id='after_section_4'  class='main_color av_default_container_wrap container_wrap sidebar_right' style=' '  ><div class='container' ><div class='template-page content  av-content-small alpha units'><div class='post-entry post-entry-type-page post-entry-51'><div class='entry-content-wrapper clearfix'>","protected":false},"excerpt":{"rendered":"","protected":false},"author":1,"featured_media":0,"parent":0,"menu_order":0,"comment_status":"closed","ping_status":"closed","template":"","meta":{"footnotes":""},"class_list":["post-51","page","type-page","status-publish","hentry"],"_links":{"self":[{"href":"https:\/\/zurbriggen.ch\/zermatt\/fr\/wp-json\/wp\/v2\/pages\/51","targetHints":{"allow":["GET"]}}],"collection":[{"href":"https:\/\/zurbriggen.ch\/zermatt\/fr\/wp-json\/wp\/v2\/pages"}],"about":[{"href":"https:\/\/zurbriggen.ch\/zermatt\/fr\/wp-json\/wp\/v2\/types\/page"}],"author":[{"embeddable":true,"href":"https:\/\/zurbriggen.ch\/zermatt\/fr\/wp-json\/wp\/v2\/users\/1"}],"replies":[{"embeddable":true,"href":"https:\/\/zurbriggen.ch\/zermatt\/fr\/wp-json\/wp\/v2\/comments?post=51"}],"version-history":[{"count":257,"href":"https:\/\/zurbriggen.ch\/zermatt\/fr\/wp-json\/wp\/v2\/pages\/51\/revisions"}],"predecessor-version":[{"id":3870,"href":"https:\/\/zurbriggen.ch\/zermatt\/fr\/wp-json\/wp\/v2\/pages\/51\/revisions\/3870"}],"wp:attachment":[{"href":"https:\/\/zurbriggen.ch\/zermatt\/fr\/wp-json\/wp\/v2\/media?parent=51"}],"curies":[{"name":"wp","href":"https:\/\/api.w.org\/{rel}","templated":true}]}}