{"id":388,"date":"2015-09-17T02:29:48","date_gmt":"2015-09-17T00:29:48","guid":{"rendered":"http:\/\/zurbriggen.netzhautflimmern.ch\/?page_id=388"},"modified":"2023-12-08T16:46:44","modified_gmt":"2023-12-08T15:46:44","slug":"ueber-uns","status":"publish","type":"page","link":"https:\/\/zurbriggen.ch\/zermatt\/fr\/ueber-uns\/","title":{"rendered":"Chez nous"},"content":{"rendered":"<div id='fullscreen_slider_1'  class='avia-fullscreen-slider main_color   avia-builder-el-0  el_before_av_section  avia-builder-el-first   container_wrap sidebar_right' style=' '  ><div   data-size='extra_large'  data-lightbox_size='large'  data-animation='slide'  data-conditional_play=''  data-ids='897'  data-video_counter='0'  data-autoplay='false'  data-bg_slider='true'  data-slide_height='100'  data-handle='av_fullscreen'  data-interval='5'  data-class=' '  data-el_id=''  data-css_id='fullscreen_slider_1'  data-scroll_down=''  data-control_layout='av-control-default'  data-custom_markup=''  data-perma_caption=''  data-autoplay_stopper=''  data-image_attachment=''  data-min_height='0px'  data-lazy_loading='disabled'  data-stretch=''  data-default-height='100'  class='avia-slideshow avia-slideshow-1  av-control-default av-default-height-applied avia-slideshow-extra_large av_fullscreen   avia-slide-slider'  itemprop=\"image\" itemscope=\"itemscope\" itemtype=\"https:\/\/schema.org\/ImageObject\" ><ul class='avia-slideshow-inner' style='padding-bottom: 60.2%;' ><li style='background-position:center center;' data-img-url='https:\/\/zurbriggen.ch\/zermatt\/wp-content\/uploads\/2016\/12\/Family-Kopie1-e1492986036264-1500x903.jpg' class='av-single-slide slide-1' ><div data-rel='slideshow-1' class='avia-slide-wrap'   ><\/div><\/li><\/ul><\/div><\/div>\n<div id='av_section_1'  class='avia-section main_color avia-section-large avia-no-shadow  avia-bg-style-scroll  avia-builder-el-1  el_after_av_fullscreen  el_before_av_section   container_wrap sidebar_right' style=' '  ><div class='container' ><div class='template-page content  av-content-small alpha units'><div class='post-entry post-entry-type-page post-entry-388'><div class='entry-content-wrapper clearfix'>\n<div  style='padding-bottom:20px; ' class='av-special-heading av-special-heading-h1  blockquote modern-quote modern-centered  avia-builder-el-2  el_before_av_one_fifth  avia-builder-el-first'><h1 class='av-special-heading-tag'  itemprop=\"headline\"  >Bienvenue chez nous<\/h1><div class='special-heading-border'><div class='special-heading-inner-border' ><\/div><\/div><\/div>\n<div class=\"flex_column av_one_fifth  no_margin flex_column_div av-zero-column-padding first  avia-builder-el-3  el_after_av_heading  el_before_av_three_fifth\" style='border-radius:0px; '><\/div><div class=\"flex_column av_three_fifth  no_margin flex_column_div av-zero-column-padding   avia-builder-el-4  el_after_av_one_fifth  el_before_av_one_fifth\" style='border-radius:0px; '><section class=\"av_textblock_section\"  itemscope=\"itemscope\" itemtype=\"https:\/\/schema.org\/CreativeWork\" ><div class='avia_textblock'   itemprop=\"text\" ><p style=\"text-align: center;\">Pirmin Zurbriggen a grandi avec ses deux s\u0153urs Esther et Heidi dans l\u2019h\u00f4tellerie parentale de Saas Almagell.<br \/>\nMoni Zurbriggen-Julen, n\u00e9e \u00e0 Zermatt, a grandi dans le restaurant parental \u00e0 Findeln, au-dessus de Zermatt, avec ses deux s\u0153urs Vrony, Leni et fr\u00e8re Heinz.<\/p>\n<p style=\"text-align: center;\">En 1989, Moni et Pirmin se marient et en 1990 alors que Pirmin met fin \u00e0 sa carri\u00e8re de skieur, la famille accueille leurs premiers enfants<a href=\"https:\/\/zurbriggen.ch\/zermatt\/fr\/pirmin\/Palmares\/Palmares.htm\/\">Palmares Pirmin<\/a>\u2013 Elia en 1990, Pirmin en 1992 et Maria en 1994.<br \/>\nApr\u00e8s 3 ans pass\u00e9s en terres romandes, ils reviennent en Valais en 1994. Aux c\u00f4t\u00e9s d\u2019Ida et Esther (la maman et la s\u0153ur de Pirmin), Moni &amp; Pirmin dirigent l\u2019h\u00f4tel L\u00e4rchenhof \u00e0 Saas Almagell.<\/p>\n<p style=\"text-align: center;\">En d\u00e9cembre 1998, la jeune famille construit le Suitenhotel Zurbriggen au pied du Cervin. Un lieu empreint de cette chaleur authentique et familiale et que Moni &amp; Pirmin g\u00e8rent encore aujourd\u2019hui avec beaucoup de joie, de passion et de d\u00e9vouement. Chaque ann\u00e9e, ils accueillent des clients fid\u00e8les, des h\u00f4tes qu\u2019ils affectionnent.<br \/>\nLe 4\u00e8me enfant de la famille, Alain, na\u00eet en 1998. 10 ans plus tard, en 2008, L\u00e9onie agrandit la fratrie Zurbriggen \u00e0 5 enfants.<\/p>\n<p style=\"text-align: center;\">La famille Zurbriggen \u00e0 Saas Almagell et la famille Julen \u00e0 Zermatt sont toutes deux rest\u00e9es fid\u00e8les \u00e0 la gastronomie &amp; \u00e0 l\u2019h\u00f4tellerie et dirigent aujourd\u2019hui leur propre entreprise avec beaucoup de succ\u00e8s et de passion :<\/p>\n<p style=\"text-align: center;\">Esther et Fabian Zurbriggen www.wellnesshotel-zurbriggen.ch<br \/>\nHeidi et Damian Andenmatten www.chalet-rustica.ch<br \/>\nVrony et Max Cotting-Julen www.chezvrony.ch<br \/>\nHeinz et Evelyne Julen www.backstagehotel.ch<br \/>\nLeni et Thomas M\u00fcller-Julen www.coeurdesalpes.ch<\/p>\n<p style=\"text-align: center;\">Pour rester en contact avec nous, Zermatt et le Cervin, recevez notre newsletter en vous inscrivant ici<\/p>\n<p style=\"text-align: center;\"><a href=\"https:\/\/cloud.news.zermatt.ch\/subscribe?aid=0011r00002OPKl9AAH&amp;lang=de\">Zurbriggens Newsletter<\/a><\/p>\n<\/div><\/section><\/div><div class=\"flex_column av_one_fifth  no_margin flex_column_div av-zero-column-padding   avia-builder-el-6  el_after_av_three_fifth  el_before_av_one_fourth\" style='border-radius:0px; '><\/div><div class=\"flex_column av_one_fourth  flex_column_div av-zero-column-padding first  avia-builder-el-7  el_after_av_one_fifth  el_before_av_one_half  column-top-margin\" style='border-radius:0px; '><\/div><div class=\"flex_column av_one_half  flex_column_div av-zero-column-padding   avia-builder-el-8  el_after_av_one_fourth  el_before_av_one_fourth  column-top-margin\" style='border-radius:0px; '><div  class='avia-image-container avia_animated_image avia_animate_when_almost_visible pop-up av-styling-no-styling av-hover-grow   avia-builder-el-9  avia-builder-el-no-sibling  avia-align-center'  itemprop=\"image\" itemscope=\"itemscope\" itemtype=\"https:\/\/schema.org\/ImageObject\"  ><div class='avia-image-container-inner'><div class='avia-image-overlay-wrap'><img decoding=\"async\" class='wp-image-590 avia-img-lazy-loading-not-590 avia_image' src=\"https:\/\/zurbriggen.ch\/zermatt\/wp-content\/uploads\/2015\/09\/welcome.jpg\" alt='' title='welcome' height=\"310\" width=\"500\"  itemprop=\"thumbnailUrl\" srcset=\"https:\/\/zurbriggen.ch\/zermatt\/wp-content\/uploads\/2015\/09\/welcome.jpg 500w, https:\/\/zurbriggen.ch\/zermatt\/wp-content\/uploads\/2015\/09\/welcome-300x186.jpg 300w, https:\/\/zurbriggen.ch\/zermatt\/wp-content\/uploads\/2015\/09\/welcome-450x279.jpg 450w\" sizes=\"(max-width: 500px) 100vw, 500px\" \/><\/div><\/div><\/div><\/div><div class=\"flex_column av_one_fourth  flex_column_div av-zero-column-padding   avia-builder-el-10  el_after_av_one_half  avia-builder-el-last  column-top-margin\" style='border-radius:0px; '><\/div>\n\n<\/div><\/div><\/div><!-- close content main div --><\/div><\/div><div id='rot'  class='avia-section main_color avia-section-default avia-no-shadow  avia-bg-style-scroll  avia-builder-el-11  el_after_av_section  avia-builder-el-last   container_wrap sidebar_right' style=' '  ><div class='container' ><div class='template-page content  av-content-small alpha units'><div class='post-entry post-entry-type-page post-entry-388'><div class='entry-content-wrapper clearfix'><\/div><\/div><\/div><!-- close content main div --><\/div><\/div><div id='after_section_2'  class='main_color av_default_container_wrap container_wrap sidebar_right' style=' '  ><div class='container' ><div class='template-page content  av-content-small alpha units'><div class='post-entry post-entry-type-page post-entry-388'><div class='entry-content-wrapper clearfix'>","protected":false},"excerpt":{"rendered":"","protected":false},"author":1,"featured_media":0,"parent":0,"menu_order":0,"comment_status":"closed","ping_status":"closed","template":"","meta":{"footnotes":""},"class_list":["post-388","page","type-page","status-publish","hentry"],"_links":{"self":[{"href":"https:\/\/zurbriggen.ch\/zermatt\/fr\/wp-json\/wp\/v2\/pages\/388","targetHints":{"allow":["GET"]}}],"collection":[{"href":"https:\/\/zurbriggen.ch\/zermatt\/fr\/wp-json\/wp\/v2\/pages"}],"about":[{"href":"https:\/\/zurbriggen.ch\/zermatt\/fr\/wp-json\/wp\/v2\/types\/page"}],"author":[{"embeddable":true,"href":"https:\/\/zurbriggen.ch\/zermatt\/fr\/wp-json\/wp\/v2\/users\/1"}],"replies":[{"embeddable":true,"href":"https:\/\/zurbriggen.ch\/zermatt\/fr\/wp-json\/wp\/v2\/comments?post=388"}],"version-history":[{"count":24,"href":"https:\/\/zurbriggen.ch\/zermatt\/fr\/wp-json\/wp\/v2\/pages\/388\/revisions"}],"predecessor-version":[{"id":3579,"href":"https:\/\/zurbriggen.ch\/zermatt\/fr\/wp-json\/wp\/v2\/pages\/388\/revisions\/3579"}],"wp:attachment":[{"href":"https:\/\/zurbriggen.ch\/zermatt\/fr\/wp-json\/wp\/v2\/media?parent=388"}],"curies":[{"name":"wp","href":"https:\/\/api.w.org\/{rel}","templated":true}]}}