{"id":166,"date":"2015-09-15T01:37:55","date_gmt":"2015-09-14T23:37:55","guid":{"rendered":"http:\/\/zurbriggen.netzhautflimmern.ch\/?page_id=166"},"modified":"2025-11-19T11:55:06","modified_gmt":"2025-11-19T10:55:06","slug":"suitenzimmer-externe-chalets","status":"publish","type":"page","link":"https:\/\/zurbriggen.ch\/zermatt\/fr\/suitenzimmer-externe-chalets\/","title":{"rendered":"Suites\/Chambres &amp; Chalet extern"},"content":{"rendered":"<div id='fullscreen_slider_1'  class='avia-fullscreen-slider main_color   avia-builder-el-0  el_before_av_section  avia-builder-el-first   container_wrap sidebar_right' style=' '  ><div   data-size='extra_large'  data-lightbox_size='large'  data-animation='slide'  data-conditional_play=''  data-ids='2556,2560,2580,2624,2814'  data-video_counter='0'  data-autoplay='false'  data-bg_slider='true'  data-slide_height='100'  data-handle='av_fullscreen'  data-interval='5'  data-class=' '  data-el_id=''  data-css_id='fullscreen_slider_1'  data-scroll_down=''  data-control_layout='av-control-default'  data-custom_markup=''  data-perma_caption=''  data-autoplay_stopper=''  data-image_attachment=''  data-min_height='0px'  data-lazy_loading='disabled'  data-stretch=''  data-default-height='100'  class='avia-slideshow avia-slideshow-1  av-control-default av-default-height-applied avia-slideshow-extra_large av_fullscreen   avia-slide-slider'  itemprop=\"image\" itemscope=\"itemscope\" itemtype=\"https:\/\/schema.org\/ImageObject\" ><ul class='avia-slideshow-inner' style='padding-bottom: 66.666666666667%;' ><li style='background-position:center center;' data-img-url='https:\/\/zurbriggen.ch\/zermatt\/wp-content\/uploads\/2021\/06\/IMG_0890-HDR-1-1500x1000.jpg' class='slide-1' ><div data-rel='slideshow-1' class='avia-slide-wrap'   ><\/div><\/li><li style='background-position:center center;' data-img-url='https:\/\/zurbriggen.ch\/zermatt\/wp-content\/uploads\/2021\/06\/IMG_0928-HDR-1-1500x1000.jpg' class='slide-2' ><div data-rel='slideshow-1' class='avia-slide-wrap'   ><\/div><\/li><li style='background-position:center center;' data-img-url='https:\/\/zurbriggen.ch\/zermatt\/wp-content\/uploads\/2021\/06\/IMG_0981-HDR-1500x1000.jpg' class='slide-3' ><div data-rel='slideshow-1' class='avia-slide-wrap'   ><\/div><\/li><li style='background-position:center center;' data-img-url='https:\/\/zurbriggen.ch\/zermatt\/wp-content\/uploads\/2021\/06\/IMG_1092-HDR-1500x1000.jpg' class='slide-4' ><div data-rel='slideshow-1' class='avia-slide-wrap'   ><\/div><\/li><li style='background-position:center center;' data-img-url='https:\/\/zurbriggen.ch\/zermatt\/wp-content\/uploads\/2015\/09\/IMG_1145-HDR-1500x1000.jpg' class='slide-5' ><div data-rel='slideshow-1' class='avia-slide-wrap'   ><\/div><\/li><\/ul><div class='avia-slideshow-arrows avia-slideshow-controls'><a href='#prev' class='prev-slide' aria-hidden='true' data-av_icon='\ue87c' data-av_iconfont='entypo-fontello' tabindex=\"-1\">Pr\u00e9c\u00e9dent<\/a><a href='#next' class='next-slide' aria-hidden='true' data-av_icon='\ue87d' data-av_iconfont='entypo-fontello' tabindex=\"-1\">Suivant<\/a><\/div><div class='avia-slideshow-dots avia-slideshow-controls'><a href='#1' class='goto-slide active' >1<\/a><a href='#2' class='goto-slide' >2<\/a><a href='#3' class='goto-slide' >3<\/a><a href='#4' class='goto-slide' >4<\/a><a href='#5' class='goto-slide' >5<\/a><\/div><\/div><\/div>\n<div id='av_section_1'  class='avia-section main_color avia-section-large avia-no-border-styling  avia-bg-style-scroll  avia-builder-el-1  el_after_av_fullscreen  el_before_av_section   container_wrap sidebar_right' style=' '  ><div class='container' ><div class='template-page content  av-content-small alpha units'><div class='post-entry post-entry-type-page post-entry-166'><div class='entry-content-wrapper clearfix'>\n<div class=\"flex_column av_two_third  flex_column_div av-zero-column-padding first  avia-builder-el-2  el_before_av_one_third  avia-builder-el-first\" style='border-radius:0px; '><p><div  style='padding-bottom:20px; ' class='av-special-heading av-special-heading-h1  blockquote modern-quote  avia-builder-el-3  el_before_av_textblock  avia-builder-el-first'><h1 class='av-special-heading-tag'  itemprop=\"headline\"  >Nos suites\/chambres<\/h1><div class='special-heading-border'><div class='special-heading-inner-border' ><\/div><\/div><\/div><br \/>\n<section class=\"av_textblock_section\"  itemscope=\"itemscope\" itemtype=\"https:\/\/schema.org\/CreativeWork\" ><div class='avia_textblock'   itemprop=\"text\" ><p>Les suites spacieuses et lumineuses sont modernes, \u00e9l\u00e9gantes et confortables. Elles disposent d'un grand salon avec un canap\u00e9 pouvant servir de lit d'appoint, d'une cuisine enti\u00e8rement \u00e9quip\u00e9e avec machine Nespresso, d'un coin repas, de la t\u00e9l\u00e9vision par c\u00e2ble, d'une cha\u00eene st\u00e9r\u00e9o, d'un t\u00e9l\u00e9phone, d'une connexion Wi-Fi et d'un minibar.<\/p>\n<p>Les chambres s\u00e9par\u00e9es disposent d'un balcon orient\u00e9 sud, d'une baignoire et\/ou d'une douche, d'un s\u00e8che-cheveux, d'un coffre-fort et de la t\u00e9l\u00e9vision par c\u00e2ble. Des peignoirs et des chaussons, \u00e9galement pour les enfants, sont  disponibles.<\/p>\n<p>Un lit b\u00e9b\u00e9 et une chaise haute sont disponibles gratuitement sur demande.<\/p>\n<p>Toutes les suites disposent d'un balcon orient\u00e9 sud offrant une vue imprenable sur le Cervin.<\/p>\n<\/div><\/section><\/p><\/div><div class=\"flex_column av_one_third  flex_column_div av-zero-column-padding   avia-builder-el-5  el_after_av_two_third  avia-builder-el-last\" style='border-radius:0px; '><div  class='avia-image-container avia_animated_image avia_animate_when_almost_visible pop-up av-styling-no-styling av-hover-grow   avia-builder-el-6  avia-builder-el-no-sibling  avia-align-center'  itemprop=\"image\" itemscope=\"itemscope\" itemtype=\"https:\/\/schema.org\/ImageObject\"  ><div class='avia-image-container-inner'><div class='avia-image-overlay-wrap'><img decoding=\"async\" class='wp-image-287 avia-img-lazy-loading-not-287 avia_image' src=\"https:\/\/zurbriggen.ch\/zermatt\/wp-content\/uploads\/2015\/09\/schluessel4.jpg\" alt='' title='schluessel' height=\"425\" width=\"500\"  itemprop=\"thumbnailUrl\" srcset=\"https:\/\/zurbriggen.ch\/zermatt\/wp-content\/uploads\/2015\/09\/schluessel4.jpg 500w, https:\/\/zurbriggen.ch\/zermatt\/wp-content\/uploads\/2015\/09\/schluessel4-300x255.jpg 300w, https:\/\/zurbriggen.ch\/zermatt\/wp-content\/uploads\/2015\/09\/schluessel4-450x383.jpg 450w\" sizes=\"(max-width: 500px) 100vw, 500px\" \/><\/div><\/div><\/div><\/div>\n\n<\/div><\/div><\/div><!-- close content main div --><\/div><\/div><div id='rot'  class='avia-section main_color avia-section-default avia-no-shadow  avia-bg-style-parallax  avia-builder-el-7  el_after_av_section  el_before_av_section   container_wrap sidebar_right' style=' '  ><div class='container' ><div class='template-page content  av-content-small alpha units'><div class='post-entry post-entry-type-page post-entry-166'><div class='entry-content-wrapper clearfix'>\n<div class='portfolio_preview_container' data-portfolio-id='1'>\n\t\t\t\t\t\t\t\t<div class='ajax_controlls iconfont'>\n\t\t\t\t\t\t\t\t\t<a href='#prev' class='ajax_previous' \taria-hidden='true' data-av_icon='\ue878' data-av_iconfont='entypo-fontello'><\/a>\n\t\t\t\t\t\t\t\t\t<a href='#next' class='ajax_next'\t\taria-hidden='true' data-av_icon='\ue879' data-av_iconfont='entypo-fontello'><\/a>\n\t\t\t\t\t\t\t\t\t<a class='avia_close' href='#close'\t\taria-hidden='true' data-av_icon='\ue814' data-av_iconfont='entypo-fontello'><\/a>\n\t\t\t\t\t\t\t\t<\/div>\n\t\t\t\t\t\t\t\t<div class='portfolio-details-inner'><\/div>\n\t\t\t\t\t\t\t<\/div><div  id=\"av-sc-portfolio-1\"  class='grid-sort-container isotope   no_margin-container with-title-container grid-total-odd grid-col-3 grid-links-ajax' data-portfolio-id='1'><div data-ajax-id='165' class='grid-entry flex_column isotope-item all_sort no_margin post-entry post-entry-165 grid-entry-overview grid-loop-1 grid-parity-odd  chambres_sort  av_one_third first default_av_fullwidth'><article class='main_color inner-entry'  itemscope=\"itemscope\" itemtype=\"https:\/\/schema.org\/CreativeWork\" ><a href=\"https:\/\/zurbriggen.ch\/zermatt\/fr\/portfolio-item\/olympia\/\" title='Olympia'  data-rel='grid-1' class='grid-image avia-hover-fx'> <img decoding=\"async\" width=\"495\" height=\"400\" src=\"https:\/\/zurbriggen.ch\/zermatt\/wp-content\/uploads\/2021\/06\/IMG_0890-HDR-1-495x400.jpg\" class=\"wp-image-2556 avia-img-lazy-loading-not-2556 attachment-portfolio size-portfolio wp-post-image\" alt=\"\" srcset=\"\" sizes=\"(max-width: 495px) 100vw, 495px\" data-srcset=\"\" \/><\/a><div class='grid-content'><div class='avia-arrow'><\/div><header class=\"entry-content-header\"><h3 class='grid-entry-title entry-title'  itemprop=\"headline\" ><a href='https:\/\/zurbriggen.ch\/zermatt\/fr\/portfolio-item\/olympia\/' title='Olympia'>Olympia<\/a><\/h3><\/header><\/div><footer class=\"entry-footer\"><\/footer><\/article><\/div><div data-ajax-id='299' class='grid-entry flex_column isotope-item all_sort no_margin post-entry post-entry-299 grid-entry-overview grid-loop-2 grid-parity-even  chambres_sort  av_one_third  default_av_fullwidth'><article class='main_color inner-entry'  itemscope=\"itemscope\" itemtype=\"https:\/\/schema.org\/CreativeWork\" ><a href=\"https:\/\/zurbriggen.ch\/zermatt\/fr\/portfolio-item\/cry-der-suite\/\" title='Cry d\u2019er Suite'  data-rel='grid-1' class='grid-image avia-hover-fx'> <img decoding=\"async\" width=\"495\" height=\"400\" src=\"https:\/\/zurbriggen.ch\/zermatt\/wp-content\/uploads\/2015\/09\/IMG_1293-HDR-495x400.jpg\" class=\"wp-image-2777 avia-img-lazy-loading-not-2777 attachment-portfolio size-portfolio wp-post-image\" alt=\"\" srcset=\"\" sizes=\"(max-width: 495px) 100vw, 495px\" data-srcset=\"\" \/><\/a><div class='grid-content'><div class='avia-arrow'><\/div><header class=\"entry-content-header\"><h3 class='grid-entry-title entry-title'  itemprop=\"headline\" ><a href='https:\/\/zurbriggen.ch\/zermatt\/fr\/portfolio-item\/cry-der-suite\/' title='Cry d\u2019er Suite'>Cry d\u2019er Suite<\/a><\/h3><\/header><\/div><footer class=\"entry-footer\"><\/footer><\/article><\/div><div data-ajax-id='311' class='grid-entry flex_column isotope-item all_sort no_margin post-entry post-entry-311 grid-entry-overview grid-loop-3 grid-parity-odd  chambres_sort  av_one_third  default_av_fullwidth'><article class='main_color inner-entry'  itemscope=\"itemscope\" itemtype=\"https:\/\/schema.org\/CreativeWork\" ><a href=\"https:\/\/zurbriggen.ch\/zermatt\/fr\/portfolio-item\/saslonch-streif\/\" title='Saslonch | Streif'  data-rel='grid-1' class='grid-image avia-hover-fx'> <img decoding=\"async\" width=\"495\" height=\"400\" src=\"https:\/\/zurbriggen.ch\/zermatt\/wp-content\/uploads\/2015\/09\/IMG_1172-HDR-495x400.jpg\" class=\"wp-image-2830 avia-img-lazy-loading-not-2830 attachment-portfolio size-portfolio wp-post-image\" alt=\"\" srcset=\"\" sizes=\"(max-width: 495px) 100vw, 495px\" data-srcset=\"\" \/><\/a><div class='grid-content'><div class='avia-arrow'><\/div><header class=\"entry-content-header\"><h3 class='grid-entry-title entry-title'  itemprop=\"headline\" ><a href='https:\/\/zurbriggen.ch\/zermatt\/fr\/portfolio-item\/saslonch-streif\/' title='Saslonch | Streif'>Saslonch | Streif<\/a><\/h3><\/header><\/div><footer class=\"entry-footer\"><\/footer><\/article><\/div><div data-ajax-id='317' class='grid-entry flex_column isotope-item all_sort no_margin post-entry post-entry-317 grid-entry-overview grid-loop-4 grid-parity-even  chambres_sort  av_one_third first default_av_fullwidth'><article class='main_color inner-entry'  itemscope=\"itemscope\" itemtype=\"https:\/\/schema.org\/CreativeWork\" ><a href=\"https:\/\/zurbriggen.ch\/zermatt\/fr\/portfolio-item\/lauberhorn-stelvio\/\" title='Lauberhorn | Stelvio'  data-rel='grid-1' class='grid-image avia-hover-fx'> <img decoding=\"async\" width=\"495\" height=\"400\" src=\"https:\/\/zurbriggen.ch\/zermatt\/wp-content\/uploads\/2015\/09\/IMG_1204-HDR-495x400.jpg\" class=\"wp-image-2855 avia-img-lazy-loading-not-2855 attachment-portfolio size-portfolio wp-post-image\" alt=\"\" srcset=\"\" sizes=\"(max-width: 495px) 100vw, 495px\" data-srcset=\"\" \/><\/a><div class='grid-content'><div class='avia-arrow'><\/div><header class=\"entry-content-header\"><h3 class='grid-entry-title entry-title'  itemprop=\"headline\" ><a href='https:\/\/zurbriggen.ch\/zermatt\/fr\/portfolio-item\/lauberhorn-stelvio\/' title='Lauberhorn | Stelvio'>Lauberhorn | Stelvio<\/a><\/h3><\/header><\/div><footer class=\"entry-footer\"><\/footer><\/article><\/div><div data-ajax-id='325' class='grid-entry flex_column isotope-item all_sort no_margin post-entry post-entry-325 grid-entry-overview grid-loop-5 grid-parity-odd  chambres_sort  av_one_third  default_av_fullwidth'><article class='main_color inner-entry'  itemscope=\"itemscope\" itemtype=\"https:\/\/schema.org\/CreativeWork\" ><a href=\"https:\/\/zurbriggen.ch\/zermatt\/fr\/portfolio-item\/matterhorn-suite\/\" title='Matterhorn Suite'  data-rel='grid-1' class='grid-image avia-hover-fx'> <img decoding=\"async\" width=\"495\" height=\"400\" src=\"https:\/\/zurbriggen.ch\/zermatt\/wp-content\/uploads\/2015\/09\/IMG_1077-HDR-495x400.jpg\" class=\"wp-image-2889 avia-img-lazy-loading-not-2889 attachment-portfolio size-portfolio wp-post-image\" alt=\"\" srcset=\"\" sizes=\"(max-width: 495px) 100vw, 495px\" data-srcset=\"\" \/><\/a><div class='grid-content'><div class='avia-arrow'><\/div><header class=\"entry-content-header\"><h3 class='grid-entry-title entry-title'  itemprop=\"headline\" ><a href='https:\/\/zurbriggen.ch\/zermatt\/fr\/portfolio-item\/matterhorn-suite\/' title='Matterhorn Suite'>Matterhorn Suite<\/a><\/h3><\/header><\/div><footer class=\"entry-footer\"><\/footer><\/article><\/div><div data-ajax-id='331' class='grid-entry flex_column isotope-item all_sort no_margin post-entry post-entry-331 grid-entry-overview grid-loop-6 grid-parity-even  chambres_sort  av_one_third  default_av_fullwidth'><article class='main_color inner-entry'  itemscope=\"itemscope\" itemtype=\"https:\/\/schema.org\/CreativeWork\" ><a href=\"https:\/\/zurbriggen.ch\/zermatt\/fr\/portfolio-item\/deluxe-doppelzimmer\/\" title='Deluxe Chambre Double'  data-rel='grid-1' class='grid-image avia-hover-fx'> <img decoding=\"async\" width=\"495\" height=\"400\" src=\"https:\/\/zurbriggen.ch\/zermatt\/wp-content\/uploads\/2015\/09\/b-su-do4-495x400.jpg\" class=\"wp-image-335 avia-img-lazy-loading-not-335 attachment-portfolio size-portfolio wp-post-image\" alt=\"\" \/><\/a><div class='grid-content'><div class='avia-arrow'><\/div><header class=\"entry-content-header\"><h3 class='grid-entry-title entry-title'  itemprop=\"headline\" ><a href='https:\/\/zurbriggen.ch\/zermatt\/fr\/portfolio-item\/deluxe-doppelzimmer\/' title='Deluxe Chambre Double'>Deluxe Chambre Double<\/a><\/h3><\/header><\/div><footer class=\"entry-footer\"><\/footer><\/article><\/div><div data-ajax-id='376' class='grid-entry flex_column isotope-item all_sort no_margin post-entry post-entry-376 grid-entry-overview grid-loop-7 grid-parity-odd  post-entry-last  chambres_sort  av_one_third first default_av_fullwidth'><article class='main_color inner-entry'  itemscope=\"itemscope\" itemtype=\"https:\/\/schema.org\/CreativeWork\" ><a href=\"https:\/\/zurbriggen.ch\/zermatt\/fr\/portfolio-item\/standard-doppelzimmer\/\" title='Chambre Double'  data-rel='grid-1' class='grid-image avia-hover-fx'> <img decoding=\"async\" width=\"495\" height=\"400\" src=\"https:\/\/zurbriggen.ch\/zermatt\/wp-content\/uploads\/2015\/09\/b-su-do51-495x400.jpg\" class=\"wp-image-336 avia-img-lazy-loading-not-336 attachment-portfolio size-portfolio wp-post-image\" alt=\"\" \/><\/a><div class='grid-content'><div class='avia-arrow'><\/div><header class=\"entry-content-header\"><h3 class='grid-entry-title entry-title'  itemprop=\"headline\" ><a href='https:\/\/zurbriggen.ch\/zermatt\/fr\/portfolio-item\/standard-doppelzimmer\/' title='Chambre Double'>Chambre Double<\/a><\/h3><\/header><\/div><footer class=\"entry-footer\"><\/footer><\/article><\/div><\/div>\n\n<\/div><\/div><\/div><!-- close content main div --><\/div><\/div><div id='av_section_3'  class='avia-section main_color avia-section-large avia-no-border-styling  avia-bg-style-scroll  avia-builder-el-9  el_after_av_section  el_before_av_section   container_wrap sidebar_right' style=' '  ><div class='container' ><div class='template-page content  av-content-small alpha units'><div class='post-entry post-entry-type-page post-entry-166'><div class='entry-content-wrapper clearfix'>\n<div class=\"flex_column av_two_third  flex_column_div av-zero-column-padding first  avia-builder-el-10  avia-builder-el-no-sibling\" style='border-radius:0px; '><div  style='padding-bottom:20px; ' class='av-special-heading av-special-heading-h1  blockquote modern-quote  avia-builder-el-11  avia-builder-el-no-sibling'><h1 class='av-special-heading-tag'  itemprop=\"headline\"  >Notre Chalet externe<\/h1><div class='special-heading-border'><div class='special-heading-inner-border' ><\/div><\/div><\/div><\/div>\n\n<\/div><\/div><\/div><!-- close content main div --><\/div><\/div><div id='rot'  class='avia-section main_color avia-section-default avia-no-shadow  avia-bg-style-scroll  avia-builder-el-12  el_after_av_section  el_before_av_section   container_wrap sidebar_right' style=' '  ><div class='container' ><div class='template-page content  av-content-small alpha units'><div class='post-entry post-entry-type-page post-entry-166'><div class='entry-content-wrapper clearfix'>\n<div class='portfolio_preview_container' data-portfolio-id='2'>\n\t\t\t\t\t\t\t\t<div class='ajax_controlls iconfont'>\n\t\t\t\t\t\t\t\t\t<a href='#prev' class='ajax_previous' \taria-hidden='true' data-av_icon='\ue878' data-av_iconfont='entypo-fontello'><\/a>\n\t\t\t\t\t\t\t\t\t<a href='#next' class='ajax_next'\t\taria-hidden='true' data-av_icon='\ue879' data-av_iconfont='entypo-fontello'><\/a>\n\t\t\t\t\t\t\t\t\t<a class='avia_close' href='#close'\t\taria-hidden='true' data-av_icon='\ue814' data-av_iconfont='entypo-fontello'><\/a>\n\t\t\t\t\t\t\t\t<\/div>\n\t\t\t\t\t\t\t\t<div class='portfolio-details-inner'><\/div>\n\t\t\t\t\t\t\t<\/div><div  id=\"av-sc-portfolio-2\"  class='grid-sort-container isotope   no_margin-container with-title-container grid-total-odd grid-col-3 grid-links-ajax' data-portfolio-id='2'><div data-ajax-id='339' class='grid-entry flex_column isotope-item all_sort no_margin post-entry post-entry-339 grid-entry-overview grid-loop-1 grid-parity-odd  post-entry-last  chalets_sort  av_one_third first default_av_fullwidth'><article class='main_color inner-entry'  itemscope=\"itemscope\" itemtype=\"https:\/\/schema.org\/CreativeWork\" ><a href=\"https:\/\/zurbriggen.ch\/zermatt\/fr\/portfolio-item\/little-dream\/\" title='Little Dream'  data-rel='grid-2' class='grid-image avia-hover-fx'> <img decoding=\"async\" width=\"495\" height=\"400\" src=\"https:\/\/zurbriggen.ch\/zermatt\/wp-content\/uploads\/2015\/09\/b-su-ld1-495x400.jpg\" class=\"wp-image-340 avia-img-lazy-loading-not-340 attachment-portfolio size-portfolio wp-post-image\" alt=\"\" \/><\/a><div class='grid-content'><div class='avia-arrow'><\/div><header class=\"entry-content-header\"><h3 class='grid-entry-title entry-title'  itemprop=\"headline\" ><a href='https:\/\/zurbriggen.ch\/zermatt\/fr\/portfolio-item\/little-dream\/' title='Little Dream'>Little Dream<\/a><\/h3><\/header><\/div><footer class=\"entry-footer\"><\/footer><\/article><\/div><\/div>\n\n<\/div><\/div><\/div><!-- close content main div --><\/div><\/div><div id='av_section_5'  class='avia-section main_color avia-section-default avia-no-shadow  avia-bg-style-scroll  avia-builder-el-14  el_after_av_section  avia-builder-el-last   container_wrap sidebar_right' style='background-color: #ffffff;  '  ><div class='container' ><div class='template-page content  av-content-small alpha units'><div class='post-entry post-entry-type-page post-entry-166'><div class='entry-content-wrapper clearfix'>\n<section class=\"av_textblock_section\"  itemscope=\"itemscope\" itemtype=\"https:\/\/schema.org\/CreativeWork\" ><div class='avia_textblock'   itemprop=\"text\" ><p><strong>Annullierungsbedingungen:<\/strong><\/p>\n<p>Stornierung 1 Monat vor Ankunft: Kostenlos<\/p>\n<p>Stornierung mehr als 14 Tage vor Ankunft: 50% des Gesamtbetrags in Rechnung stellen<\/p>\n<p>Stornierung weniger als 14 Tage vor Ankunft: 100% des Gesamtbetrags in Rechnung stellen<\/p>\n<p>Das gilt nat\u00fcrlich nur, wenn wir das Zimmer nicht weitervermieten k\u00f6nnen.<\/p>\n<\/div><\/section>\n<\/div><\/div><\/div><!-- close content main div --><\/div><\/div><div id='after_section_5'  class='main_color av_default_container_wrap container_wrap sidebar_right' style=' '  ><div class='container' ><div class='template-page content  av-content-small alpha units'><div class='post-entry post-entry-type-page post-entry-166'><div class='entry-content-wrapper clearfix'>","protected":false},"excerpt":{"rendered":"","protected":false},"author":1,"featured_media":0,"parent":0,"menu_order":0,"comment_status":"closed","ping_status":"closed","template":"","meta":{"footnotes":""},"class_list":["post-166","page","type-page","status-publish","hentry"],"_links":{"self":[{"href":"https:\/\/zurbriggen.ch\/zermatt\/fr\/wp-json\/wp\/v2\/pages\/166","targetHints":{"allow":["GET"]}}],"collection":[{"href":"https:\/\/zurbriggen.ch\/zermatt\/fr\/wp-json\/wp\/v2\/pages"}],"about":[{"href":"https:\/\/zurbriggen.ch\/zermatt\/fr\/wp-json\/wp\/v2\/types\/page"}],"author":[{"embeddable":true,"href":"https:\/\/zurbriggen.ch\/zermatt\/fr\/wp-json\/wp\/v2\/users\/1"}],"replies":[{"embeddable":true,"href":"https:\/\/zurbriggen.ch\/zermatt\/fr\/wp-json\/wp\/v2\/comments?post=166"}],"version-history":[{"count":76,"href":"https:\/\/zurbriggen.ch\/zermatt\/fr\/wp-json\/wp\/v2\/pages\/166\/revisions"}],"predecessor-version":[{"id":3849,"href":"https:\/\/zurbriggen.ch\/zermatt\/fr\/wp-json\/wp\/v2\/pages\/166\/revisions\/3849"}],"wp:attachment":[{"href":"https:\/\/zurbriggen.ch\/zermatt\/fr\/wp-json\/wp\/v2\/media?parent=166"}],"curies":[{"name":"wp","href":"https:\/\/api.w.org\/{rel}","templated":true}]}}